{"id":749,"date":"2022-10-17T12:09:03","date_gmt":"2022-10-17T15:09:03","guid":{"rendered":"https:\/\/agencia.solucoeswebonline.com.br\/?page_id=749"},"modified":"2022-10-17T13:13:14","modified_gmt":"2022-10-17T16:13:14","slug":"termo-de-uso","status":"publish","type":"page","link":"https:\/\/agencia.solucoeswebonline.com.br\/index.php\/termo-de-uso\/","title":{"rendered":"Termo de Uso"},"content":{"rendered":"\t\t<div data-elementor-type=\"wp-page\" data-elementor-id=\"749\" class=\"elementor elementor-749\">\n\t\t\t\t\t\t\t\t\t<section class=\"elementor-section elementor-top-section elementor-element elementor-element-10250cfc elementor-section-boxed elementor-section-height-default elementor-section-height-default\" data-id=\"10250cfc\" data-element_type=\"section\" data-settings=\"{&quot;background_background&quot;:&quot;classic&quot;}\">\n\t\t\t\t\t\t<div class=\"elementor-container elementor-column-gap-default\">\n\t\t\t\t\t<div class=\"elementor-column elementor-col-100 elementor-top-column elementor-element elementor-element-5439d91c\" data-id=\"5439d91c\" data-element_type=\"column\">\n\t\t\t<div class=\"elementor-widget-wrap elementor-element-populated\">\n\t\t\t\t\t\t\t\t<div class=\"elementor-element elementor-element-402aa784 elementor-widget elementor-widget-text-editor\" data-id=\"402aa784\" data-element_type=\"widget\" data-widget_type=\"text-editor.default\">\n\t\t\t\t<div class=\"elementor-widget-container\">\n\t\t\t<style>\/*! elementor - v3.12.2 - 23-04-2023 *\/\n.elementor-widget-text-editor.elementor-drop-cap-view-stacked .elementor-drop-cap{background-color:#69727d;color:#fff}.elementor-widget-text-editor.elementor-drop-cap-view-framed .elementor-drop-cap{color:#69727d;border:3px solid;background-color:transparent}.elementor-widget-text-editor:not(.elementor-drop-cap-view-default) .elementor-drop-cap{margin-top:8px}.elementor-widget-text-editor:not(.elementor-drop-cap-view-default) .elementor-drop-cap-letter{width:1em;height:1em}.elementor-widget-text-editor .elementor-drop-cap{float:left;text-align:center;line-height:1;font-size:50px}.elementor-widget-text-editor .elementor-drop-cap-letter{display:inline-block}<\/style>\t\t\t\t<p><strong>Termos de Uso:<\/strong><\/p>\t\t\t\t\t\t<\/div>\n\t\t\t\t<\/div>\n\t\t\t\t\t<\/div>\n\t\t<\/div>\n\t\t\t\t\t\t\t<\/div>\n\t\t<\/section>\n\t\t\t\t<section class=\"elementor-section elementor-top-section elementor-element elementor-element-7be18417 elementor-section-boxed elementor-section-height-default elementor-section-height-default\" data-id=\"7be18417\" data-element_type=\"section\" data-settings=\"{&quot;background_background&quot;:&quot;classic&quot;}\">\n\t\t\t\t\t\t<div class=\"elementor-container elementor-column-gap-default\">\n\t\t\t\t\t<div class=\"elementor-column elementor-col-100 elementor-top-column elementor-element elementor-element-38b9449\" data-id=\"38b9449\" data-element_type=\"column\">\n\t\t\t<div class=\"elementor-widget-wrap elementor-element-populated\">\n\t\t\t\t\t\t\t\t<div class=\"elementor-element elementor-element-47226b20 elementor-widget elementor-widget-text-editor\" data-id=\"47226b20\" data-element_type=\"widget\" data-widget_type=\"text-editor.default\">\n\t\t\t\t<div class=\"elementor-widget-container\">\n\t\t\t\t\t\t\t<p>Termos de Uso Ag\u00eancia Solu\u00e7\u00f5esWebOnline, Desenvolvedor Web, Cleber de Freitas.<br \/>\u00daltima atualiza\u00e7\u00e3o em 20\/10\/2022 \u2013 contato@solucoeswebonline.com.br<\/p>\t\t\t\t\t\t<\/div>\n\t\t\t\t<\/div>\n\t\t\t\t\t<\/div>\n\t\t<\/div>\n\t\t\t\t\t\t\t<\/div>\n\t\t<\/section>\n\t\t\t\t<section class=\"elementor-section elementor-top-section elementor-element elementor-element-6057bc36 elementor-section-boxed elementor-section-height-default elementor-section-height-default\" data-id=\"6057bc36\" data-element_type=\"section\" data-settings=\"{&quot;shape_divider_top&quot;:&quot;mountains&quot;}\">\n\t\t\t\t\t<div class=\"elementor-shape elementor-shape-top\" data-negative=\"false\">\n\t\t\t<svg xmlns=\"http:\/\/www.w3.org\/2000\/svg\" viewBox=\"0 0 1000 100\" preserveAspectRatio=\"none\">\n\t<path class=\"elementor-shape-fill\" opacity=\"0.33\" d=\"M473,67.3c-203.9,88.3-263.1-34-320.3,0C66,119.1,0,59.7,0,59.7V0h1000v59.7 c0,0-62.1,26.1-94.9,29.3c-32.8,3.3-62.8-12.3-75.8-22.1C806,49.6,745.3,8.7,694.9,4.7S492.4,59,473,67.3z\"\/>\n\t<path class=\"elementor-shape-fill\" opacity=\"0.66\" d=\"M734,67.3c-45.5,0-77.2-23.2-129.1-39.1c-28.6-8.7-150.3-10.1-254,39.1 s-91.7-34.4-149.2,0C115.7,118.3,0,39.8,0,39.8V0h1000v36.5c0,0-28.2-18.5-92.1-18.5C810.2,18.1,775.7,67.3,734,67.3z\"\/>\n\t<path class=\"elementor-shape-fill\" d=\"M766.1,28.9c-200-57.5-266,65.5-395.1,19.5C242,1.8,242,5.4,184.8,20.6C128,35.8,132.3,44.9,89.9,52.5C28.6,63.7,0,0,0,0 h1000c0,0-9.9,40.9-83.6,48.1S829.6,47,766.1,28.9z\"\/>\n<\/svg>\t\t<\/div>\n\t\t\t\t\t<div class=\"elementor-container elementor-column-gap-default\">\n\t\t\t\t\t<div class=\"elementor-column elementor-col-100 elementor-top-column elementor-element elementor-element-2d179553\" data-id=\"2d179553\" data-element_type=\"column\">\n\t\t\t<div class=\"elementor-widget-wrap elementor-element-populated\">\n\t\t\t\t\t\t\t\t<div class=\"elementor-element elementor-element-36053028 elementor-widget elementor-widget-text-editor\" data-id=\"36053028\" data-element_type=\"widget\" data-widget_type=\"text-editor.default\">\n\t\t\t\t<div class=\"elementor-widget-container\">\n\t\t\t\t\t\t\t<p><strong>Voc\u00ea deve saber, para sua tranquilidade, que sempre ser\u00e1 solicitado o seu consentimento expresso para obter seus dados com a respectiva finalidade especificada em cada caso, o que implica que, em caso de dar esse consentimento, voc\u00ea leu e concorda com a nossa <\/strong><strong>Pol\u00edtica de privacidade.<br \/><\/strong><strong>No momento em que acesse e utiliza esta p\u00e1gina web, est\u00e1 assumindo a sua condi\u00e7\u00e3o de usu\u00e1rio com seus correspondentes direitos e obriga\u00e7\u00f5es.<br \/><\/strong><strong>Se voc\u00ea \u00e9 maior de 13 anos, poder\u00e1 registar-se como utilizador deste site sem o pr\u00e9vio consentimento de seus pais ou tutores.<br \/><\/strong><strong>Se voc\u00ea \u00e9 menor de 13 anos, necessitar\u00e1 o consentimento de seus pais ou tutores para o tratamento dos seus dados pessoais.<br \/><\/strong><strong>Nunca solicitamos informa\u00e7\u00f5es pessoais, a menos que realmente seja necess\u00e1rio para prestar os servi\u00e7os que oferecemos nesse website.<br \/><\/strong><strong>Nunca compartilhamos informa\u00e7\u00f5es pessoais dos usu\u00e1rios com ningu\u00e9m, exceto para cumprir com a lei ou em caso que tenha a sua autoriza\u00e7\u00e3o expressa.<br \/><\/strong><strong>Nunca utilizamos os seus dados pessoais com uma finalidade diferente da expressa em nossa Pol\u00edtica de Privacidade e Termos de Uso.<\/strong><\/p>\t\t\t\t\t\t<\/div>\n\t\t\t\t<\/div>\n\t\t\t\t\t<\/div>\n\t\t<\/div>\n\t\t\t\t\t\t\t<\/div>\n\t\t<\/section>\n\t\t\t\t<section class=\"elementor-section elementor-top-section elementor-element elementor-element-2946e425 elementor-section-boxed elementor-section-height-default elementor-section-height-default\" data-id=\"2946e425\" data-element_type=\"section\">\n\t\t\t\t\t\t<div class=\"elementor-container elementor-column-gap-default\">\n\t\t\t\t\t<div class=\"elementor-column elementor-col-100 elementor-top-column elementor-element elementor-element-1018908\" data-id=\"1018908\" data-element_type=\"column\">\n\t\t\t<div class=\"elementor-widget-wrap elementor-element-populated\">\n\t\t\t\t\t\t\t\t<div class=\"elementor-element elementor-element-57910f25 elementor-widget elementor-widget-heading\" data-id=\"57910f25\" data-element_type=\"widget\" data-widget_type=\"heading.default\">\n\t\t\t\t<div class=\"elementor-widget-container\">\n\t\t\t<style>\/*! elementor - v3.12.2 - 23-04-2023 *\/\n.elementor-heading-title{padding:0;margin:0;line-height:1}.elementor-widget-heading .elementor-heading-title[class*=elementor-size-]>a{color:inherit;font-size:inherit;line-height:inherit}.elementor-widget-heading .elementor-heading-title.elementor-size-small{font-size:15px}.elementor-widget-heading .elementor-heading-title.elementor-size-medium{font-size:19px}.elementor-widget-heading .elementor-heading-title.elementor-size-large{font-size:29px}.elementor-widget-heading .elementor-heading-title.elementor-size-xl{font-size:39px}.elementor-widget-heading .elementor-heading-title.elementor-size-xxl{font-size:59px}<\/style><h2 class=\"elementor-heading-title elementor-size-default\">Registro e finalidade de seus dados:<\/h2>\t\t<\/div>\n\t\t\t\t<\/div>\n\t\t\t\t\t<\/div>\n\t\t<\/div>\n\t\t\t\t\t\t\t<\/div>\n\t\t<\/section>\n\t\t\t\t<section class=\"elementor-section elementor-top-section elementor-element elementor-element-644eab70 elementor-section-boxed elementor-section-height-default elementor-section-height-default\" data-id=\"644eab70\" data-element_type=\"section\" data-settings=\"{&quot;shape_divider_bottom&quot;:&quot;mountains&quot;}\">\n\t\t\t\t\t<div class=\"elementor-shape elementor-shape-bottom\" data-negative=\"false\">\n\t\t\t<svg xmlns=\"http:\/\/www.w3.org\/2000\/svg\" viewBox=\"0 0 1000 100\" preserveAspectRatio=\"none\">\n\t<path class=\"elementor-shape-fill\" opacity=\"0.33\" d=\"M473,67.3c-203.9,88.3-263.1-34-320.3,0C66,119.1,0,59.7,0,59.7V0h1000v59.7 c0,0-62.1,26.1-94.9,29.3c-32.8,3.3-62.8-12.3-75.8-22.1C806,49.6,745.3,8.7,694.9,4.7S492.4,59,473,67.3z\"\/>\n\t<path class=\"elementor-shape-fill\" opacity=\"0.66\" d=\"M734,67.3c-45.5,0-77.2-23.2-129.1-39.1c-28.6-8.7-150.3-10.1-254,39.1 s-91.7-34.4-149.2,0C115.7,118.3,0,39.8,0,39.8V0h1000v36.5c0,0-28.2-18.5-92.1-18.5C810.2,18.1,775.7,67.3,734,67.3z\"\/>\n\t<path class=\"elementor-shape-fill\" d=\"M766.1,28.9c-200-57.5-266,65.5-395.1,19.5C242,1.8,242,5.4,184.8,20.6C128,35.8,132.3,44.9,89.9,52.5C28.6,63.7,0,0,0,0 h1000c0,0-9.9,40.9-83.6,48.1S829.6,47,766.1,28.9z\"\/>\n<\/svg>\t\t<\/div>\n\t\t\t\t\t<div class=\"elementor-container elementor-column-gap-default\">\n\t\t\t\t\t<div class=\"elementor-column elementor-col-100 elementor-top-column elementor-element elementor-element-317debed\" data-id=\"317debed\" data-element_type=\"column\">\n\t\t\t<div class=\"elementor-widget-wrap elementor-element-populated\">\n\t\t\t\t\t\t\t\t<div class=\"elementor-element elementor-element-115966d2 elementor-widget elementor-widget-text-editor\" data-id=\"115966d2\" data-element_type=\"widget\" data-widget_type=\"text-editor.default\">\n\t\t\t\t<div class=\"elementor-widget-container\">\n\t\t\t\t\t\t\t<p><strong>Em fun\u00e7\u00e3o do formul\u00e1rio ou se\u00e7\u00e3o que acesse ser\u00e1 solicitado exclusivamente os dados necess\u00e1rios com as finalidades descritas a seguir. Em todo momento voc\u00ea deve dar o seu consentimento expresso, quando lhe solicitamos informa\u00e7\u00f5es pessoais para as seguintes finalidades:<br \/><\/strong><strong>As finalidades concretas que particularmente s\u00e3o indicadas em cada uma das p\u00e1ginas ou se\u00e7\u00f5es onde aparece o formul\u00e1rio de registro ou contato eletr\u00f4nico.<br \/><\/strong><strong>Com car\u00e1cter geral, para atender os seus pedidos, coment\u00e1rios, perguntas ou qualquer tipo de pedido que realize como pessoa atrav\u00e9s de qualquer uma das formas de contato que coloco \u00e0 sua disposi\u00e7\u00e3o.<br \/><\/strong><strong>Para obter informa\u00e7\u00f5es sobre consultas, pedidos, atividades, produtos, novidades e\/ou servi\u00e7os; via e-mail, fax, WhatsApp, Skype, telefone fornecido, sms e mms.<br \/><\/strong><strong>Para enviar comunica\u00e7\u00f5es comerciais ou publicit\u00e1rias atrav\u00e9s de qualquer outro meio eletr\u00f4nico ou f\u00edsico, que possibilite a realiza\u00e7\u00e3o de comunica\u00e7\u00f5es.<br \/><\/strong><strong>Essas comunica\u00e7\u00f5es, ser\u00e3o sempre relacionadas com os nossos produtos, servi\u00e7os, novidades e promo\u00e7\u00f5es, bem como aqueles produtos ou<br \/><\/strong><strong>servi\u00e7os que possamos considerar do seu interesse e que possam oferecer colaboradores, empresas ou parceiros com os quais mantemos<br \/><\/strong><strong>acordos de promo\u00e7\u00e3o ou de colabora\u00e7\u00e3o comercial.<br \/><\/strong><strong>Sendo assim, garantimos que estes terceiros nunca ter\u00e3o acesso aos seus dados pessoais, com as exce\u00e7\u00f5es indicadas acima, sendo em todo o caso<\/strong><strong>essas comunica\u00e7\u00f5es realizadas por parte da Ag\u00eancia Solu\u00e7\u00f5esWebOnline, como titular deste website.<\/strong><\/p><p><strong>\u00a0<\/strong><\/p>\t\t\t\t\t\t<\/div>\n\t\t\t\t<\/div>\n\t\t\t\t\t<\/div>\n\t\t<\/div>\n\t\t\t\t\t\t\t<\/div>\n\t\t<\/section>\n\t\t\t\t\t\t\t<\/div>\n\t\t","protected":false},"excerpt":{"rendered":"<p>Termos de Uso: Termos de Uso Ag\u00eancia Solu\u00e7\u00f5esWebOnline, Desenvolvedor Web, Cleber de Freitas.\u00daltima atualiza\u00e7\u00e3o em 20\/10\/2022 \u2013 contato@solucoeswebonline.com.br Voc\u00ea deve saber, para sua tranquilidade, que sempre ser\u00e1 solicitado o seu consentimento expresso para obter seus dados com a respectiva finalidade especificada em cada caso, o que implica que, em caso de dar esse consentimento, voc\u00ea [&hellip;]<\/p>\n","protected":false},"author":2,"featured_media":0,"parent":0,"menu_order":0,"comment_status":"closed","ping_status":"closed","template":"elementor_canvas","meta":[],"aioseo_notices":[],"_links":{"self":[{"href":"https:\/\/agencia.solucoeswebonline.com.br\/index.php\/wp-json\/wp\/v2\/pages\/749"}],"collection":[{"href":"https:\/\/agencia.solucoeswebonline.com.br\/index.php\/wp-json\/wp\/v2\/pages"}],"about":[{"href":"https:\/\/agencia.solucoeswebonline.com.br\/index.php\/wp-json\/wp\/v2\/types\/page"}],"author":[{"embeddable":true,"href":"https:\/\/agencia.solucoeswebonline.com.br\/index.php\/wp-json\/wp\/v2\/users\/2"}],"replies":[{"embeddable":true,"href":"https:\/\/agencia.solucoeswebonline.com.br\/index.php\/wp-json\/wp\/v2\/comments?post=749"}],"version-history":[{"count":22,"href":"https:\/\/agencia.solucoeswebonline.com.br\/index.php\/wp-json\/wp\/v2\/pages\/749\/revisions"}],"predecessor-version":[{"id":889,"href":"https:\/\/agencia.solucoeswebonline.com.br\/index.php\/wp-json\/wp\/v2\/pages\/749\/revisions\/889"}],"wp:attachment":[{"href":"https:\/\/agencia.solucoeswebonline.com.br\/index.php\/wp-json\/wp\/v2\/media?parent=749"}],"curies":[{"name":"wp","href":"https:\/\/api.w.org\/{rel}","templated":true}]}}