{"id":732,"date":"2022-10-17T11:47:17","date_gmt":"2022-10-17T14:47:17","guid":{"rendered":"https:\/\/agencia.solucoeswebonline.com.br\/?page_id=732"},"modified":"2022-10-17T13:13:45","modified_gmt":"2022-10-17T16:13:45","slug":"privacidade","status":"publish","type":"page","link":"https:\/\/agencia.solucoeswebonline.com.br\/index.php\/privacidade\/","title":{"rendered":"Privacidade"},"content":{"rendered":"\t\t<div data-elementor-type=\"wp-page\" data-elementor-id=\"732\" class=\"elementor elementor-732\">\n\t\t\t\t\t\t\t\t\t<section class=\"elementor-section elementor-top-section elementor-element elementor-element-65ba6cba elementor-section-boxed elementor-section-height-default elementor-section-height-default\" data-id=\"65ba6cba\" data-element_type=\"section\" data-settings=\"{&quot;background_background&quot;:&quot;classic&quot;}\">\n\t\t\t\t\t\t<div class=\"elementor-container elementor-column-gap-default\">\n\t\t\t\t\t<div class=\"elementor-column elementor-col-100 elementor-top-column elementor-element elementor-element-53e1718c\" data-id=\"53e1718c\" data-element_type=\"column\" data-settings=\"{&quot;background_background&quot;:&quot;classic&quot;}\">\n\t\t\t<div class=\"elementor-widget-wrap elementor-element-populated\">\n\t\t\t\t\t\t\t\t<div class=\"elementor-element elementor-element-65725ecb elementor-widget elementor-widget-text-editor\" data-id=\"65725ecb\" data-element_type=\"widget\" data-widget_type=\"text-editor.default\">\n\t\t\t\t<div class=\"elementor-widget-container\">\n\t\t\t<style>\/*! elementor - v3.12.2 - 23-04-2023 *\/\n.elementor-widget-text-editor.elementor-drop-cap-view-stacked .elementor-drop-cap{background-color:#69727d;color:#fff}.elementor-widget-text-editor.elementor-drop-cap-view-framed .elementor-drop-cap{color:#69727d;border:3px solid;background-color:transparent}.elementor-widget-text-editor:not(.elementor-drop-cap-view-default) .elementor-drop-cap{margin-top:8px}.elementor-widget-text-editor:not(.elementor-drop-cap-view-default) .elementor-drop-cap-letter{width:1em;height:1em}.elementor-widget-text-editor .elementor-drop-cap{float:left;text-align:center;line-height:1;font-size:50px}.elementor-widget-text-editor .elementor-drop-cap-letter{display:inline-block}<\/style>\t\t\t\t<p><strong>POL\u00cdTICA<br \/>DE<br \/>PRIVACIDADE.<\/strong><\/p>\t\t\t\t\t\t<\/div>\n\t\t\t\t<\/div>\n\t\t\t\t\t<\/div>\n\t\t<\/div>\n\t\t\t\t\t\t\t<\/div>\n\t\t<\/section>\n\t\t\t\t<section class=\"elementor-section elementor-top-section elementor-element elementor-element-1b97e83a elementor-section-boxed elementor-section-height-default elementor-section-height-default\" data-id=\"1b97e83a\" data-element_type=\"section\" data-settings=\"{&quot;background_background&quot;:&quot;classic&quot;}\">\n\t\t\t\t\t\t<div class=\"elementor-container elementor-column-gap-default\">\n\t\t\t\t\t<div class=\"elementor-column elementor-col-100 elementor-top-column elementor-element elementor-element-1e99dfad\" data-id=\"1e99dfad\" data-element_type=\"column\">\n\t\t\t<div class=\"elementor-widget-wrap elementor-element-populated\">\n\t\t\t\t\t\t\t\t<div class=\"elementor-element elementor-element-39672743 elementor-widget elementor-widget-text-editor\" data-id=\"39672743\" data-element_type=\"widget\" data-widget_type=\"text-editor.default\">\n\t\t\t\t<div class=\"elementor-widget-container\">\n\t\t\t\t\t\t\t<p>Pol\u00edtica de Privacidade Ag\u00eancia Solu\u00e7\u00f5esWebOnline, Desenvolvedor Web, Cleber de Freitas.<br \/>\u00daltima atualiza\u00e7\u00e3o em 20\/10\/2022 contato@solucoeswebonline.com.br<\/p>\t\t\t\t\t\t<\/div>\n\t\t\t\t<\/div>\n\t\t\t\t\t<\/div>\n\t\t<\/div>\n\t\t\t\t\t\t\t<\/div>\n\t\t<\/section>\n\t\t\t\t<section class=\"elementor-section elementor-top-section elementor-element elementor-element-450c287e elementor-section-boxed elementor-section-height-default elementor-section-height-default\" data-id=\"450c287e\" data-element_type=\"section\" data-settings=\"{&quot;shape_divider_top&quot;:&quot;mountains&quot;,&quot;shape_divider_bottom&quot;:&quot;mountains&quot;}\">\n\t\t\t\t\t<div class=\"elementor-shape elementor-shape-top\" data-negative=\"false\">\n\t\t\t<svg xmlns=\"http:\/\/www.w3.org\/2000\/svg\" viewBox=\"0 0 1000 100\" preserveAspectRatio=\"none\">\n\t<path class=\"elementor-shape-fill\" opacity=\"0.33\" d=\"M473,67.3c-203.9,88.3-263.1-34-320.3,0C66,119.1,0,59.7,0,59.7V0h1000v59.7 c0,0-62.1,26.1-94.9,29.3c-32.8,3.3-62.8-12.3-75.8-22.1C806,49.6,745.3,8.7,694.9,4.7S492.4,59,473,67.3z\"\/>\n\t<path class=\"elementor-shape-fill\" opacity=\"0.66\" d=\"M734,67.3c-45.5,0-77.2-23.2-129.1-39.1c-28.6-8.7-150.3-10.1-254,39.1 s-91.7-34.4-149.2,0C115.7,118.3,0,39.8,0,39.8V0h1000v36.5c0,0-28.2-18.5-92.1-18.5C810.2,18.1,775.7,67.3,734,67.3z\"\/>\n\t<path class=\"elementor-shape-fill\" d=\"M766.1,28.9c-200-57.5-266,65.5-395.1,19.5C242,1.8,242,5.4,184.8,20.6C128,35.8,132.3,44.9,89.9,52.5C28.6,63.7,0,0,0,0 h1000c0,0-9.9,40.9-83.6,48.1S829.6,47,766.1,28.9z\"\/>\n<\/svg>\t\t<\/div>\n\t\t\t\t<div class=\"elementor-shape elementor-shape-bottom\" data-negative=\"false\">\n\t\t\t<svg xmlns=\"http:\/\/www.w3.org\/2000\/svg\" viewBox=\"0 0 1000 100\" preserveAspectRatio=\"none\">\n\t<path class=\"elementor-shape-fill\" opacity=\"0.33\" d=\"M473,67.3c-203.9,88.3-263.1-34-320.3,0C66,119.1,0,59.7,0,59.7V0h1000v59.7 c0,0-62.1,26.1-94.9,29.3c-32.8,3.3-62.8-12.3-75.8-22.1C806,49.6,745.3,8.7,694.9,4.7S492.4,59,473,67.3z\"\/>\n\t<path class=\"elementor-shape-fill\" opacity=\"0.66\" d=\"M734,67.3c-45.5,0-77.2-23.2-129.1-39.1c-28.6-8.7-150.3-10.1-254,39.1 s-91.7-34.4-149.2,0C115.7,118.3,0,39.8,0,39.8V0h1000v36.5c0,0-28.2-18.5-92.1-18.5C810.2,18.1,775.7,67.3,734,67.3z\"\/>\n\t<path class=\"elementor-shape-fill\" d=\"M766.1,28.9c-200-57.5-266,65.5-395.1,19.5C242,1.8,242,5.4,184.8,20.6C128,35.8,132.3,44.9,89.9,52.5C28.6,63.7,0,0,0,0 h1000c0,0-9.9,40.9-83.6,48.1S829.6,47,766.1,28.9z\"\/>\n<\/svg>\t\t<\/div>\n\t\t\t\t\t<div class=\"elementor-container elementor-column-gap-default\">\n\t\t\t\t\t<div class=\"elementor-column elementor-col-100 elementor-top-column elementor-element elementor-element-5ee0ad1c\" data-id=\"5ee0ad1c\" data-element_type=\"column\">\n\t\t\t<div class=\"elementor-widget-wrap elementor-element-populated\">\n\t\t\t\t\t\t\t\t<div class=\"elementor-element elementor-element-48eac760 elementor-widget elementor-widget-text-editor\" data-id=\"48eac760\" data-element_type=\"widget\" data-widget_type=\"text-editor.default\">\n\t\t\t\t<div class=\"elementor-widget-container\">\n\t\t\t\t\t\t\t<p>Seja bem-vindo(a)!<br \/>Esse \u00e9 nosso portal de privacidade, criamos ele para explicar a voc\u00ea como usamos e cuidamos dos seus dados para entregar a melhor experi\u00eancia em desenvolvimento e servi\u00e7os.<br \/>Tentamos trazer aqui a maior transpar\u00eancia poss\u00edvel sem perder a simplicidade de uma leitura r\u00e1pida e f\u00e1cil de compreender. Esperamos ter conseguido, sobretudo se ficar com qualquer d\u00favida, estamos sempre dispon\u00edveis em nossos canais de contato ou pelo e-mail\u00a0<strong>contato@solucoeswebonline.com.br<br \/><\/strong>Vamos come\u00e7ar?<br \/><strong>O que coletamos:<br \/><\/strong>Coletamos seus dados quando voc\u00ea os informa de forma volunt\u00e1ria. Mas tamb\u00e9m automaticamente, quando acessa nossos sites, usa nossos servi\u00e7os ou interage com a gente.<br \/>Coletamos dados como nome, e-mail, endere\u00e7o, g\u00eanero, nacionalidade, n\u00fameros de telefone, dados financeiros e documentos para ativa\u00e7\u00e3o de conta na plataforma, dados esses que s\u00e3o essenciais para presta\u00e7\u00e3o de nossos servi\u00e7os.<br \/>Al\u00e9m dessas informa\u00e7\u00f5es, dados de atendimento, estat\u00edsticos, de consumo de conte\u00fados e treinamentos e a forma como voc\u00ea usa o nosso site e servi\u00e7os.<br \/><strong>Por que usamos seus dados:<br \/><\/strong>Na maioria das vezes, para poder prestar os servi\u00e7os que voc\u00ea contratou. Mas tamb\u00e9m para melhorar constantemente a qualidade de nossos produtos e servi\u00e7os, prevenir fraudes, criar ofertas de acordo com o seu perfil e aperfei\u00e7oar a sua experi\u00eancia quando usa os nossos servi\u00e7os.<br \/><strong>Como exercer os direitos:<br \/><\/strong>De acordo com a LGPD, o titular dos dados pode exercer seus direitos mediante solicita\u00e7\u00e3o \u00e0 Solu\u00e7\u00f5esWebOnline entrando em contato via e-mail. Para maior entendimento, seus direitos e seus detalhamentos est\u00e3o listados no site planalto.gov.br sobre a LGPD.<br \/>Para exercer seus direitos envie um e-mail para\u00a0<strong>contato@solucoeswebonline.com.br<br \/><\/strong><strong>Quais s\u00e3o seus direitos:<br \/><\/strong>Voc\u00ea tem diversos direitos sobre seus dados pessoais de acordo com a lei geral de prote\u00e7\u00e3o de dados, nada substitui a lei, mas para deixar de forma, mais clara, eles falam sobre os seguintes itens:<br \/><strong>Acesso e confirma\u00e7\u00e3o de uso:<\/strong><br \/>Voc\u00ea tem o direito de confirmar a exist\u00eancia de uso dos seus dados pessoais e tamb\u00e9m de pedir acesso e c\u00f3pia desses dados;<br \/><strong>Corre\u00e7\u00e3o:<\/strong><br \/>Voc\u00ea tem o direito de pedir a corre\u00e7\u00e3o, atualiza\u00e7\u00e3o ou complementa\u00e7\u00e3o dos seus dados pessoais;<br \/><strong>Elimina\u00e7\u00e3o:<\/strong><br \/>Voc\u00ea tem o direito de pedir a exclus\u00e3o dos seus dados pessoais, exceto se existir outra hip\u00f3tese legal que impe\u00e7a a exclus\u00e3o ou que torne necess\u00e1ria a continuidade do tratamento desses dados;<br \/><strong>Anonimiza\u00e7\u00e3o:<\/strong><br \/>Voc\u00ea pode pedir que seus dados pessoais tratados se tornem an\u00f4nimos, solicitando o bloqueio ou a elimina\u00e7\u00e3o das informa\u00e7\u00f5es consideradas desnecess\u00e1rias ou excessivas para a presta\u00e7\u00e3o dos nossos servi\u00e7os.<br \/>Ou se o uso estiver em desacordo com a legisla\u00e7\u00e3o, exceto se outra hip\u00f3tese legal impedir a anonimiza\u00e7\u00e3o, bloqueio ou elimina\u00e7\u00e3o desses dados ou tornar necess\u00e1ria a continuidade do seu tratamento.<br \/><strong>Consentimento:<\/strong><br \/>Voc\u00ea tamb\u00e9m pode fornecer e revogar, a qualquer momento, o consentimento dado antes \u00e0 Solu\u00e7\u00f5esWebOnline, al\u00e9m de pedir informa\u00e7\u00f5es sobre a possibilidade de n\u00e3o fornecer consentimento e sobre as eventuais consequ\u00eancias dessa sua negativa.<br \/><strong>Uso de cookies:<br \/><\/strong>Para fornecer um servi\u00e7o mais personalizado e \u00e1gil, precisamos lembrar e armazenar informa\u00e7\u00f5es sobre como voc\u00ea usa os nossos sites. Isso \u00e9 feito por meio de pequenos arquivos de textos chamados de cookies.<br \/>Sempre que voc\u00ea usar os nossos portais, as informa\u00e7\u00f5es podem ser coletadas por meio do uso de cookies e outras tecnologias.<br \/>Ao utilizar nossos portais, voc\u00ea concorda com o nosso uso de cookies, assim como o uso de cookies nos sites globais, regionais e de pa\u00edses e pr\u00e1ticas espec\u00edficas.<br \/><strong>Quais cookies n\u00f3s usamos e porqu\u00ea?<\/strong><br \/>Alguns cookies que usamos s\u00e3o necess\u00e1rios para que voc\u00ea possa navegar pelo site e usar recursos, como o acesso \u00e0s \u00e1reas seguras que podem conter conte\u00fado para usu\u00e1rios registrados.<br \/>N\u00f3s tamb\u00e9m usamos cookies funcionais para registrar informa\u00e7\u00f5es sobre as escolhas que voc\u00ea fez, como idioma ou regi\u00e3o; entender se o nosso conte\u00fado \u00e9 efetivo e relevante para voc\u00ea; entregar conte\u00fados publicit\u00e1rios de acordo com seu interesse, entre outros.<br \/>Al\u00e9m disso, usamos web beacons ou rastreamento de pixels para contar o n\u00famero de visitantes, e cookies de desempenho para controlar quantos usu\u00e1rios e quantas vezes as pessoas acessam nossos sites.<br \/><strong>Bot\u00f5es de m\u00eddias sociais:<\/strong><br \/>Usamos \u201cbot\u00f5es sociais\u201d para permitir que voc\u00ea compartilhe ou marque p\u00e1ginas da web. S\u00e3o bot\u00f5es de sites de redes sociais que podem registrar informa\u00e7\u00f5es sobre suas atividades na internet.<br \/>Por favor, reveja os respectivos termos de uso e pol\u00edticas de privacidade desses sites para entender exatamente como eles usam suas informa\u00e7\u00f5es, como optar por n\u00e3o receber ou excluir tais informa\u00e7\u00f5es.<br \/><strong>Controles do navegador:<\/strong><br \/>A maioria dos navegadores permite que voc\u00ea veja os seus cookies, apague ou os bloqueie de um site espec\u00edfico ou de todos os sites. Qualquer prefer\u00eancia que voc\u00ea definir ser\u00e1 perdida se voc\u00ea excluir todos os cookies, incluindo sua prefer\u00eancia de optar por n\u00e3o ter os cookies.<br \/>A qualquer momento, voc\u00ea poder\u00e1 apagar os cookies das nossas p\u00e1ginas usando as configura\u00e7\u00f5es de seu navegador de prefer\u00eancia.<br \/><strong>Seguran\u00e7a das informa\u00e7\u00f5es:<br \/><\/strong>Temos o compromisso de garantir a seguran\u00e7a e a manuten\u00e7\u00e3o da prote\u00e7\u00e3o dos seus dados pessoais armazenados contra acessos n\u00e3o autorizados e situa\u00e7\u00f5es acidentais ou il\u00edcitas, de acordo com as legisla\u00e7\u00f5es.<br \/>Nossos colaboradores t\u00eam o compromisso de zelar pela seguran\u00e7a dos seus dados pessoais e de respeitar nossa Pol\u00edtica de Privacidade, sob pena de sofrerem san\u00e7\u00e3o disciplinar em caso de viola\u00e7\u00e3o dessas normas.<br \/>Esperamos que voc\u00ea tamb\u00e9m contribua com a seguran\u00e7a, mantendo seus dados pessoais seguros. Ao se cadastrar nas nossas plataformas, escolha uma senha forte o suficiente para evitar que outras pessoas a adivinhem, al\u00e9m de nunca revelar ou compartilhar a sua senha com outras pessoas.<br \/><strong>Conhe\u00e7a melhor a Lei:<\/strong><\/p><p><a href=\"http:\/\/www.planalto.gov.br\/ccivil_03\/_ato2015-2018\/2018\/lei\/L13709.htm\"><strong>Lei 13.709\/2018 \u2013 Lei Geral de Prote\u00e7\u00e3o de Dados Pessoais<\/strong><\/a><\/p>\t\t\t\t\t\t<\/div>\n\t\t\t\t<\/div>\n\t\t\t\t\t<\/div>\n\t\t<\/div>\n\t\t\t\t\t\t\t<\/div>\n\t\t<\/section>\n\t\t\t\t\t\t\t<\/div>\n\t\t","protected":false},"excerpt":{"rendered":"<p>POL\u00cdTICADEPRIVACIDADE. Pol\u00edtica de Privacidade Ag\u00eancia Solu\u00e7\u00f5esWebOnline, Desenvolvedor Web, Cleber de Freitas.\u00daltima atualiza\u00e7\u00e3o em 20\/10\/2022 contato@solucoeswebonline.com.br Seja bem-vindo(a)!Esse \u00e9 nosso portal de privacidade, criamos ele para explicar a voc\u00ea como usamos e cuidamos dos seus dados para entregar a melhor experi\u00eancia em desenvolvimento e servi\u00e7os.Tentamos trazer aqui a maior transpar\u00eancia poss\u00edvel sem perder a simplicidade de [&hellip;]<\/p>\n","protected":false},"author":2,"featured_media":0,"parent":0,"menu_order":0,"comment_status":"closed","ping_status":"closed","template":"elementor_canvas","meta":[],"aioseo_notices":[],"_links":{"self":[{"href":"https:\/\/agencia.solucoeswebonline.com.br\/index.php\/wp-json\/wp\/v2\/pages\/732"}],"collection":[{"href":"https:\/\/agencia.solucoeswebonline.com.br\/index.php\/wp-json\/wp\/v2\/pages"}],"about":[{"href":"https:\/\/agencia.solucoeswebonline.com.br\/index.php\/wp-json\/wp\/v2\/types\/page"}],"author":[{"embeddable":true,"href":"https:\/\/agencia.solucoeswebonline.com.br\/index.php\/wp-json\/wp\/v2\/users\/2"}],"replies":[{"embeddable":true,"href":"https:\/\/agencia.solucoeswebonline.com.br\/index.php\/wp-json\/wp\/v2\/comments?post=732"}],"version-history":[{"count":19,"href":"https:\/\/agencia.solucoeswebonline.com.br\/index.php\/wp-json\/wp\/v2\/pages\/732\/revisions"}],"predecessor-version":[{"id":892,"href":"https:\/\/agencia.solucoeswebonline.com.br\/index.php\/wp-json\/wp\/v2\/pages\/732\/revisions\/892"}],"wp:attachment":[{"href":"https:\/\/agencia.solucoeswebonline.com.br\/index.php\/wp-json\/wp\/v2\/media?parent=732"}],"curies":[{"name":"wp","href":"https:\/\/api.w.org\/{rel}","templated":true}]}}